{"id":2089,"date":"2024-02-27T16:15:20","date_gmt":"2024-02-27T16:15:20","guid":{"rendered":"https:\/\/www.pedreirashoes.pt\/?page_id=2089"},"modified":"2025-11-17T09:49:07","modified_gmt":"2025-11-17T09:49:07","slug":"booking-request","status":"publish","type":"page","link":"https:\/\/www.pedreirashoes.pt\/pt\/book-meeting\/","title":{"rendered":"SOLICITAR REUNI\u00c3O"},"content":{"rendered":"<div data-elementor-type=\"wp-page\" data-elementor-id=\"2089\" class=\"elementor elementor-2089\" data-elementor-post-type=\"page\">\n\t\t\t\t\t\t\t\t\t<section class=\"elementor-section elementor-top-section elementor-element elementor-element-f775095 elementor-section-boxed elementor-section-height-default elementor-section-height-default\" data-id=\"f775095\" data-element_type=\"section\">\n\t\t\t\t\t\t<div class=\"elementor-container elementor-column-gap-default\">\n\t\t\t\t\t<div class=\"elementor-column elementor-col-100 elementor-top-column elementor-element elementor-element-d96a6ff\" data-id=\"d96a6ff\" data-element_type=\"column\">\n\t\t\t<div class=\"elementor-widget-wrap elementor-element-populated\">\n\t\t\t\t\t\t\t\t<div class=\"elementor-element elementor-element-17ab787 grve-elementor-align-left elementor-widget elementor-widget-impeka_animated_text\" data-id=\"17ab787\" data-element_type=\"widget\" data-widget_type=\"impeka_animated_text.default\">\n\t\t\t\t<div class=\"elementor-widget-container\">\n\t\t\t<h1 class=\"grve-element grve-animated-text grve-animated-item grve-h1 grve-style-1\" data-style=\"style-1\" data-delay=\"0\" data-duration=\"normal\"><span class=\"grve-animated-entry\"><span class=\"grve-line\">Pedido de Reuni\u00e3o<\/span><\/span><\/h1>\t\t<\/div>\n\t\t\t\t<\/div>\n\t\t\t\t<div class=\"elementor-element elementor-element-d55bec3 elementor-widget elementor-widget-text-editor\" data-id=\"d55bec3\" data-element_type=\"widget\" data-widget_type=\"text-editor.default\">\n\t\t\t\t<div class=\"elementor-widget-container\">\n\t\t\t<style>\/*! elementor - v3.15.0 - 09-08-2023 *\/\n.elementor-widget-text-editor.elementor-drop-cap-view-stacked .elementor-drop-cap{background-color:#69727d;color:#fff}.elementor-widget-text-editor.elementor-drop-cap-view-framed .elementor-drop-cap{color:#69727d;border:3px solid;background-color:transparent}.elementor-widget-text-editor:not(.elementor-drop-cap-view-default) .elementor-drop-cap{margin-top:8px}.elementor-widget-text-editor:not(.elementor-drop-cap-view-default) .elementor-drop-cap-letter{width:1em;height:1em}.elementor-widget-text-editor .elementor-drop-cap{float:left;text-align:center;line-height:1;font-size:50px}.elementor-widget-text-editor .elementor-drop-cap-letter{display:inline-block}<\/style>\t\t\t\t<p>Envie o seu pedido de reuni\u00e3o e a nossa equipa entrar\u00e1 em contacto consigo para confirmar um hor\u00e1rio adequado.<\/p>\t\t\t\t\t\t<\/div>\n\t\t\t\t<\/div>\n\t\t\t\t<div class=\"elementor-element elementor-element-41fe4a0 elementor-widget elementor-widget-text-editor\" data-id=\"41fe4a0\" data-element_type=\"widget\" data-widget_type=\"text-editor.default\">\n\t\t\t\t<div class=\"elementor-widget-container\">\n\t\t\t\t\t\t\t<p><strong>Por favor, note que todos os hor\u00e1rios da reuni\u00e3o est\u00e3o em GMT (Portugal).<\/strong><\/p>\t\t\t\t\t\t<\/div>\n\t\t\t\t<\/div>\n\t\t\t\t\t<\/div>\n\t\t<\/div>\n\t\t\t\t\t\t\t<\/div>\n\t\t<\/section>\n\t\t\t\t<section class=\"elementor-section elementor-top-section elementor-element elementor-element-bb7d9e9 elementor-section-boxed elementor-section-height-default elementor-section-height-default\" data-id=\"bb7d9e9\" data-element_type=\"section\">\n\t\t\t\t\t\t<div class=\"elementor-container elementor-column-gap-default\">\n\t\t\t\t\t<div class=\"elementor-column elementor-col-50 elementor-top-column elementor-element elementor-element-cc99230\" data-id=\"cc99230\" data-element_type=\"column\">\n\t\t\t<div class=\"elementor-widget-wrap elementor-element-populated\">\n\t\t\t\t\t\t\t\t<div class=\"elementor-element elementor-element-0d9c46f grve-elementor-align-center elementor-widget elementor-widget-impeka_title\" data-id=\"0d9c46f\" data-element_type=\"widget\" data-widget_type=\"impeka_title.default\">\n\t\t\t\t<div class=\"elementor-widget-container\">\n\t\t\t<h4 class=\"grve-element grve-title grve-h4\"><span>Clientes<br><\/span><\/h4>\t\t<\/div>\n\t\t\t\t<\/div>\n\t\t\t\t<div class=\"elementor-element elementor-element-56518b2 elementor-widget elementor-widget-shortcode\" data-id=\"56518b2\" data-element_type=\"widget\" data-widget_type=\"shortcode.default\">\n\t\t\t\t<div class=\"elementor-widget-container\">\n\t\t\t\t\t<div class=\"elementor-shortcode\"><div class=\"booked-calendar-shortcode-wrap\"><div class=\"booked-calendar-wrap large\"><div class=\"booked-calendar\" data-calendar-id=\"11\" data-calendar-date=\"2026-05-01\">\n\t\t<div class=\"bc-head\">\n\n\t\t\t\n\t\t\t<div class=\"bc-row top\">\n\t\t\t\t<div class=\"bc-col\">\n\t\t\t\t\t\t\t\t\t\t<span class=\"calendarSavingState\">\n\t\t\t\t\t\t<i class=\"fa-solid fa-circle-notch fa-spin\"><\/i>\n\t\t\t\t\t<\/span>\n\t\t\t\t\t<span class=\"monthName\">\n\t\t\t\t\t\tMaio 2026\t\t\t\t\t\t\t\t\t\t\t<\/span>\n\t\t\t\t\t<a href=\"#\" data-goto=\"2026-06-01\" class=\"page-right\"><i class=\"fa-solid fa-arrow-right\"><\/i><\/a>\t\t\t\t<\/div>\n\t\t\t<\/div>\n\t\t\t<div class=\"bc-row days\">\n\t\t\t\t\t\t\t\t<div class=\"bc-col\">Seg<\/div>\n\t\t\t\t<div class=\"bc-col\">Ter<\/div>\n\t\t\t\t<div class=\"bc-col\">Qua<\/div>\n\t\t\t\t<div class=\"bc-col\">Qui<\/div>\n\t\t\t\t<div class=\"bc-col\">Sex<\/div>\n\t\t\t\t\t\t\t\t\t\t\t<\/div>\n\t\t<\/div>\n\t\t<div class=\"bc-body\"><div class=\"bc-row week\"><div data-date=\"2026-04-27\" class=\"bc-col prev-month prev-date\"><span class=\"date\"><span class=\"number\">27<\/span><\/span><\/div><div data-date=\"2026-04-28\" class=\"bc-col prev-month prev-date\"><span class=\"date\"><span class=\"number\">28<\/span><\/span><\/div><div data-date=\"2026-04-29\" class=\"bc-col prev-month prev-date\"><span class=\"date\"><span class=\"number\">29<\/span><\/span><\/div><div data-date=\"2026-04-30\" class=\"bc-col prev-month prev-date\"><span class=\"date\"><span class=\"number\">30<\/span><\/span><\/div><div data-date=\"2026-05-1\" class=\"bc-col prev-date\"><span class=\"date\"><span class=\"number\">1<\/span><\/span><\/div><\/div><div class=\"bc-row week\"><div data-date=\"2026-05-4\" class=\"bc-col\"><span class=\"date tooltipster\" title=\"4 Available\"><span class=\"number\">4<\/span><\/span><\/div><div data-date=\"2026-05-5\" class=\"bc-col\"><span class=\"date tooltipster\" title=\"4 Available\"><span class=\"number\">5<\/span><\/span><\/div><div data-date=\"2026-05-6\" class=\"bc-col\"><span class=\"date tooltipster\" title=\"4 Available\"><span class=\"number\">6<\/span><\/span><\/div><div data-date=\"2026-05-7\" class=\"bc-col\"><span class=\"date tooltipster\" title=\"4 Available\"><span class=\"number\">7<\/span><\/span><\/div><div data-date=\"2026-05-8\" class=\"bc-col prev-date\"><span class=\"date\"><span class=\"number\">8<\/span><\/span><\/div><\/div><div class=\"bc-row week\"><div data-date=\"2026-05-11\" class=\"bc-col\"><span class=\"date tooltipster\" title=\"4 Available\"><span class=\"number\">11<\/span><\/span><\/div><div data-date=\"2026-05-12\" class=\"bc-col\"><span class=\"date tooltipster\" title=\"4 Available\"><span class=\"number\">12<\/span><\/span><\/div><div data-date=\"2026-05-13\" class=\"bc-col\"><span class=\"date tooltipster\" title=\"4 Available\"><span class=\"number\">13<\/span><\/span><\/div><div data-date=\"2026-05-14\" class=\"bc-col\"><span class=\"date tooltipster\" title=\"4 Available\"><span class=\"number\">14<\/span><\/span><\/div><div data-date=\"2026-05-15\" class=\"bc-col prev-date\"><span class=\"date\"><span class=\"number\">15<\/span><\/span><\/div><\/div><div class=\"bc-row week\"><div data-date=\"2026-05-18\" class=\"bc-col\"><span class=\"date tooltipster\" title=\"4 Available\"><span class=\"number\">18<\/span><\/span><\/div><div data-date=\"2026-05-19\" class=\"bc-col\"><span class=\"date tooltipster\" title=\"4 Available\"><span class=\"number\">19<\/span><\/span><\/div><div data-date=\"2026-05-20\" class=\"bc-col\"><span class=\"date tooltipster\" title=\"4 Available\"><span class=\"number\">20<\/span><\/span><\/div><div data-date=\"2026-05-21\" class=\"bc-col\"><span class=\"date tooltipster\" title=\"4 Available\"><span class=\"number\">21<\/span><\/span><\/div><div data-date=\"2026-05-22\" class=\"bc-col prev-date\"><span class=\"date\"><span class=\"number\">22<\/span><\/span><\/div><\/div><div class=\"bc-row week\"><div data-date=\"2026-05-25\" class=\"bc-col\"><span class=\"date tooltipster\" title=\"4 Available\"><span class=\"number\">25<\/span><\/span><\/div><div data-date=\"2026-05-26\" class=\"bc-col\"><span class=\"date tooltipster\" title=\"4 Available\"><span class=\"number\">26<\/span><\/span><\/div><div data-date=\"2026-05-27\" class=\"bc-col\"><span class=\"date tooltipster\" title=\"4 Available\"><span class=\"number\">27<\/span><\/span><\/div><div data-date=\"2026-05-28\" class=\"bc-col\"><span class=\"date tooltipster\" title=\"4 Available\"><span class=\"number\">28<\/span><\/span><\/div><div data-date=\"2026-05-29\" class=\"bc-col prev-date\"><span class=\"date\"><span class=\"number\">29<\/span><\/span><\/div><\/div>\t\t<\/div>\n\t<\/div><\/div><\/div><\/div>\n\t\t\t\t<\/div>\n\t\t\t\t<\/div>\n\t\t\t\t\t<\/div>\n\t\t<\/div>\n\t\t\t\t<div class=\"elementor-column elementor-col-50 elementor-top-column elementor-element elementor-element-a10855f\" data-id=\"a10855f\" data-element_type=\"column\">\n\t\t\t<div class=\"elementor-widget-wrap elementor-element-populated\">\n\t\t\t\t\t\t\t\t<div class=\"elementor-element elementor-element-3458c38 grve-elementor-align-center elementor-widget elementor-widget-impeka_title\" data-id=\"3458c38\" data-element_type=\"widget\" data-widget_type=\"impeka_title.default\">\n\t\t\t\t<div class=\"elementor-widget-container\">\n\t\t\t<h4 class=\"grve-element grve-title grve-h4\"><span>Fornecedores<br><\/span><\/h4>\t\t<\/div>\n\t\t\t\t<\/div>\n\t\t\t\t<div class=\"elementor-element elementor-element-9af4621 elementor-widget elementor-widget-shortcode\" data-id=\"9af4621\" data-element_type=\"widget\" data-widget_type=\"shortcode.default\">\n\t\t\t\t<div class=\"elementor-widget-container\">\n\t\t\t\t\t<div class=\"elementor-shortcode\"><div class=\"booked-calendar-shortcode-wrap\"><div class=\"booked-calendar-wrap large\"><div class=\"booked-calendar\" data-calendar-id=\"12\" data-calendar-date=\"2026-05-01\">\n\t\t<div class=\"bc-head\">\n\n\t\t\t\n\t\t\t<div class=\"bc-row top\">\n\t\t\t\t<div class=\"bc-col\">\n\t\t\t\t\t\t\t\t\t\t<span class=\"calendarSavingState\">\n\t\t\t\t\t\t<i class=\"fa-solid fa-circle-notch fa-spin\"><\/i>\n\t\t\t\t\t<\/span>\n\t\t\t\t\t<span class=\"monthName\">\n\t\t\t\t\t\tMaio 2026\t\t\t\t\t\t\t\t\t\t\t<\/span>\n\t\t\t\t\t<a href=\"#\" data-goto=\"2026-06-01\" class=\"page-right\"><i class=\"fa-solid fa-arrow-right\"><\/i><\/a>\t\t\t\t<\/div>\n\t\t\t<\/div>\n\t\t\t<div class=\"bc-row days\">\n\t\t\t\t\t\t\t\t<div class=\"bc-col\">Seg<\/div>\n\t\t\t\t<div class=\"bc-col\">Ter<\/div>\n\t\t\t\t<div class=\"bc-col\">Qua<\/div>\n\t\t\t\t<div class=\"bc-col\">Qui<\/div>\n\t\t\t\t<div class=\"bc-col\">Sex<\/div>\n\t\t\t\t\t\t\t\t\t\t\t<\/div>\n\t\t<\/div>\n\t\t<div class=\"bc-body\"><div class=\"bc-row week\"><div data-date=\"2026-04-27\" class=\"bc-col prev-month prev-date\"><span class=\"date\"><span class=\"number\">27<\/span><\/span><\/div><div data-date=\"2026-04-28\" class=\"bc-col prev-month prev-date\"><span class=\"date\"><span class=\"number\">28<\/span><\/span><\/div><div data-date=\"2026-04-29\" class=\"bc-col prev-month prev-date\"><span class=\"date\"><span class=\"number\">29<\/span><\/span><\/div><div data-date=\"2026-04-30\" class=\"bc-col prev-month prev-date\"><span class=\"date\"><span class=\"number\">30<\/span><\/span><\/div><div data-date=\"2026-05-1\" class=\"bc-col prev-date\"><span class=\"date\"><span class=\"number\">1<\/span><\/span><\/div><\/div><div class=\"bc-row week\"><div data-date=\"2026-05-4\" class=\"bc-col prev-date\"><span class=\"date\"><span class=\"number\">4<\/span><\/span><\/div><div data-date=\"2026-05-5\" class=\"bc-col\"><span class=\"date tooltipster\" title=\"4 Available\"><span class=\"number\">5<\/span><\/span><\/div><div data-date=\"2026-05-6\" class=\"bc-col prev-date\"><span class=\"date\"><span class=\"number\">6<\/span><\/span><\/div><div data-date=\"2026-05-7\" class=\"bc-col\"><span class=\"date tooltipster\" title=\"4 Available\"><span class=\"number\">7<\/span><\/span><\/div><div data-date=\"2026-05-8\" class=\"bc-col prev-date\"><span class=\"date\"><span class=\"number\">8<\/span><\/span><\/div><\/div><div class=\"bc-row week\"><div data-date=\"2026-05-11\" class=\"bc-col prev-date\"><span class=\"date\"><span class=\"number\">11<\/span><\/span><\/div><div data-date=\"2026-05-12\" class=\"bc-col\"><span class=\"date tooltipster\" title=\"4 Available\"><span class=\"number\">12<\/span><\/span><\/div><div data-date=\"2026-05-13\" class=\"bc-col prev-date\"><span class=\"date\"><span class=\"number\">13<\/span><\/span><\/div><div data-date=\"2026-05-14\" class=\"bc-col\"><span class=\"date tooltipster\" title=\"4 Available\"><span class=\"number\">14<\/span><\/span><\/div><div data-date=\"2026-05-15\" class=\"bc-col prev-date\"><span class=\"date\"><span class=\"number\">15<\/span><\/span><\/div><\/div><div class=\"bc-row week\"><div data-date=\"2026-05-18\" class=\"bc-col prev-date\"><span class=\"date\"><span class=\"number\">18<\/span><\/span><\/div><div data-date=\"2026-05-19\" class=\"bc-col\"><span class=\"date tooltipster\" title=\"4 Available\"><span class=\"number\">19<\/span><\/span><\/div><div data-date=\"2026-05-20\" class=\"bc-col prev-date\"><span class=\"date\"><span class=\"number\">20<\/span><\/span><\/div><div data-date=\"2026-05-21\" class=\"bc-col\"><span class=\"date tooltipster\" title=\"4 Available\"><span class=\"number\">21<\/span><\/span><\/div><div data-date=\"2026-05-22\" class=\"bc-col prev-date\"><span class=\"date\"><span class=\"number\">22<\/span><\/span><\/div><\/div><div class=\"bc-row week\"><div data-date=\"2026-05-25\" class=\"bc-col prev-date\"><span class=\"date\"><span class=\"number\">25<\/span><\/span><\/div><div data-date=\"2026-05-26\" class=\"bc-col\"><span class=\"date tooltipster\" title=\"4 Available\"><span class=\"number\">26<\/span><\/span><\/div><div data-date=\"2026-05-27\" class=\"bc-col prev-date\"><span class=\"date\"><span class=\"number\">27<\/span><\/span><\/div><div data-date=\"2026-05-28\" class=\"bc-col\"><span class=\"date tooltipster\" title=\"4 Available\"><span class=\"number\">28<\/span><\/span><\/div><div data-date=\"2026-05-29\" class=\"bc-col prev-date\"><span class=\"date\"><span class=\"number\">29<\/span><\/span><\/div><\/div>\t\t<\/div>\n\t<\/div><\/div><\/div><\/div>\n\t\t\t\t<\/div>\n\t\t\t\t<\/div>\n\t\t\t\t\t<\/div>\n\t\t<\/div>\n\t\t\t\t\t\t\t<\/div>\n\t\t<\/section>\n\t\t\t\t\t\t\t<\/div>","protected":false},"excerpt":{"rendered":"<p>Request a Meeting. Submit your meeting request, and our team will get back to you to confirm a suitable time. Please note that all meeting schedule times are in GMT (Portugal). Clients Suppliers<\/p>","protected":false},"author":1,"featured_media":0,"parent":0,"menu_order":0,"comment_status":"closed","ping_status":"closed","template":"","meta":{"footnotes":""},"yoast_head":"<!-- This site is optimized with the Yoast SEO plugin v22.1 - https:\/\/yoast.com\/wordpress\/plugins\/seo\/ -->\n<title>Booking Request. - Pedreira Shoes<\/title>\n<meta name=\"robots\" content=\"index, follow, max-snippet:-1, max-image-preview:large, max-video-preview:-1\" \/>\n<link rel=\"canonical\" href=\"https:\/\/www.pedreirashoes.pt\/pt\/book-meeting\/\" \/>\n<meta property=\"og:locale\" content=\"pt_PT\" \/>\n<meta property=\"og:type\" content=\"article\" \/>\n<meta property=\"og:title\" content=\"Booking Request. - Pedreira Shoes\" \/>\n<meta property=\"og:description\" content=\"Request a Meeting. Submit your meeting request, and our team will get back to you to confirm a suitable time. Please note that all meeting schedule times are in GMT (Portugal). Clients Suppliers\" \/>\n<meta property=\"og:url\" content=\"https:\/\/www.pedreirashoes.pt\/pt\/book-meeting\/\" \/>\n<meta property=\"og:site_name\" content=\"Pedreira Shoes\" \/>\n<meta property=\"article:publisher\" content=\"https:\/\/www.facebook.com\/pedreirashoes\" \/>\n<meta property=\"article:modified_time\" content=\"2025-11-17T09:49:07+00:00\" \/>\n<meta property=\"og:image\" content=\"https:\/\/www.pedreirashoes.pt\/wp-content\/uploads\/2023\/07\/logo-b.png\" \/>\n\t<meta property=\"og:image:width\" content=\"723\" \/>\n\t<meta property=\"og:image:height\" content=\"509\" \/>\n\t<meta property=\"og:image:type\" content=\"image\/png\" \/>\n<meta name=\"twitter:card\" content=\"summary_large_image\" \/>\n<meta name=\"twitter:label1\" content=\"Tempo estimado de leitura\" \/>\n\t<meta name=\"twitter:data1\" content=\"1 minuto\" \/>\n<script type=\"application\/ld+json\" class=\"yoast-schema-graph\">{\"@context\":\"https:\/\/schema.org\",\"@graph\":[{\"@type\":\"WebPage\",\"@id\":\"https:\/\/www.pedreirashoes.pt\/booking-request\/\",\"url\":\"https:\/\/www.pedreirashoes.pt\/booking-request\/\",\"name\":\"Booking Request. - Pedreira Shoes\",\"isPartOf\":{\"@id\":\"https:\/\/www.pedreirashoes.pt\/#website\"},\"datePublished\":\"2024-02-27T16:15:20+00:00\",\"dateModified\":\"2025-11-17T09:49:07+00:00\",\"breadcrumb\":{\"@id\":\"https:\/\/www.pedreirashoes.pt\/booking-request\/#breadcrumb\"},\"inLanguage\":\"pt-PT\",\"potentialAction\":[{\"@type\":\"ReadAction\",\"target\":[\"https:\/\/www.pedreirashoes.pt\/booking-request\/\"]}]},{\"@type\":\"BreadcrumbList\",\"@id\":\"https:\/\/www.pedreirashoes.pt\/booking-request\/#breadcrumb\",\"itemListElement\":[{\"@type\":\"ListItem\",\"position\":1,\"name\":\"Home\",\"item\":\"https:\/\/www.pedreirashoes.pt\/\"},{\"@type\":\"ListItem\",\"position\":2,\"name\":\"Booking Request.\"}]},{\"@type\":\"WebSite\",\"@id\":\"https:\/\/www.pedreirashoes.pt\/#website\",\"url\":\"https:\/\/www.pedreirashoes.pt\/\",\"name\":\"Pedreira Shoes\",\"description\":\"Established 1935\",\"publisher\":{\"@id\":\"https:\/\/www.pedreirashoes.pt\/#organization\"},\"alternateName\":\"Jo\u00e3o Cunha e Silva & Filhos, Lda.\",\"potentialAction\":[{\"@type\":\"SearchAction\",\"target\":{\"@type\":\"EntryPoint\",\"urlTemplate\":\"https:\/\/www.pedreirashoes.pt\/?s={search_term_string}\"},\"query-input\":\"required name=search_term_string\"}],\"inLanguage\":\"pt-PT\"},{\"@type\":\"Organization\",\"@id\":\"https:\/\/www.pedreirashoes.pt\/#organization\",\"name\":\"Pedreiras Shoes\",\"alternateName\":\"Jo\u00e3o Cunha e Silva & Filhos, Lda.\",\"url\":\"https:\/\/www.pedreirashoes.pt\/\",\"logo\":{\"@type\":\"ImageObject\",\"inLanguage\":\"pt-PT\",\"@id\":\"https:\/\/www.pedreirashoes.pt\/#\/schema\/logo\/image\/\",\"url\":\"https:\/\/www.pedreirashoes.pt\/wp-content\/uploads\/2023\/07\/logo-b.png\",\"contentUrl\":\"https:\/\/www.pedreirashoes.pt\/wp-content\/uploads\/2023\/07\/logo-b.png\",\"width\":723,\"height\":509,\"caption\":\"Pedreiras Shoes\"},\"image\":{\"@id\":\"https:\/\/www.pedreirashoes.pt\/#\/schema\/logo\/image\/\"},\"sameAs\":[\"https:\/\/www.facebook.com\/pedreirashoes\",\"https:\/\/www.linkedin.com\/company\/predeirashoes\/\"]}]}<\/script>\n<!-- \/ Yoast SEO plugin. -->","yoast_head_json":{"title":"Booking Request. - Pedreira Shoes","robots":{"index":"index","follow":"follow","max-snippet":"max-snippet:-1","max-image-preview":"max-image-preview:large","max-video-preview":"max-video-preview:-1"},"canonical":"https:\/\/www.pedreirashoes.pt\/pt\/book-meeting\/","og_locale":"pt_PT","og_type":"article","og_title":"Booking Request. - Pedreira Shoes","og_description":"Request a Meeting. Submit your meeting request, and our team will get back to you to confirm a suitable time. Please note that all meeting schedule times are in GMT (Portugal). Clients Suppliers","og_url":"https:\/\/www.pedreirashoes.pt\/pt\/book-meeting\/","og_site_name":"Pedreira Shoes","article_publisher":"https:\/\/www.facebook.com\/pedreirashoes","article_modified_time":"2025-11-17T09:49:07+00:00","og_image":[{"width":723,"height":509,"url":"https:\/\/www.pedreirashoes.pt\/wp-content\/uploads\/2023\/07\/logo-b.png","type":"image\/png"}],"twitter_card":"summary_large_image","twitter_misc":{"Tempo estimado de leitura":"1 minuto"},"schema":{"@context":"https:\/\/schema.org","@graph":[{"@type":"WebPage","@id":"https:\/\/www.pedreirashoes.pt\/booking-request\/","url":"https:\/\/www.pedreirashoes.pt\/booking-request\/","name":"Booking Request. - Pedreira Shoes","isPartOf":{"@id":"https:\/\/www.pedreirashoes.pt\/#website"},"datePublished":"2024-02-27T16:15:20+00:00","dateModified":"2025-11-17T09:49:07+00:00","breadcrumb":{"@id":"https:\/\/www.pedreirashoes.pt\/booking-request\/#breadcrumb"},"inLanguage":"pt-PT","potentialAction":[{"@type":"ReadAction","target":["https:\/\/www.pedreirashoes.pt\/booking-request\/"]}]},{"@type":"BreadcrumbList","@id":"https:\/\/www.pedreirashoes.pt\/booking-request\/#breadcrumb","itemListElement":[{"@type":"ListItem","position":1,"name":"Home","item":"https:\/\/www.pedreirashoes.pt\/"},{"@type":"ListItem","position":2,"name":"Booking Request."}]},{"@type":"WebSite","@id":"https:\/\/www.pedreirashoes.pt\/#website","url":"https:\/\/www.pedreirashoes.pt\/","name":"Pedreira Shoes","description":"Established 1935","publisher":{"@id":"https:\/\/www.pedreirashoes.pt\/#organization"},"alternateName":"Jo\u00e3o Cunha e Silva & Filhos, Lda.","potentialAction":[{"@type":"SearchAction","target":{"@type":"EntryPoint","urlTemplate":"https:\/\/www.pedreirashoes.pt\/?s={search_term_string}"},"query-input":"required name=search_term_string"}],"inLanguage":"pt-PT"},{"@type":"Organization","@id":"https:\/\/www.pedreirashoes.pt\/#organization","name":"Pedreiras Shoes","alternateName":"Jo\u00e3o Cunha e Silva & Filhos, Lda.","url":"https:\/\/www.pedreirashoes.pt\/","logo":{"@type":"ImageObject","inLanguage":"pt-PT","@id":"https:\/\/www.pedreirashoes.pt\/#\/schema\/logo\/image\/","url":"https:\/\/www.pedreirashoes.pt\/wp-content\/uploads\/2023\/07\/logo-b.png","contentUrl":"https:\/\/www.pedreirashoes.pt\/wp-content\/uploads\/2023\/07\/logo-b.png","width":723,"height":509,"caption":"Pedreiras Shoes"},"image":{"@id":"https:\/\/www.pedreirashoes.pt\/#\/schema\/logo\/image\/"},"sameAs":["https:\/\/www.facebook.com\/pedreirashoes","https:\/\/www.linkedin.com\/company\/predeirashoes\/"]}]}},"_links":{"self":[{"href":"https:\/\/www.pedreirashoes.pt\/pt\/wp-json\/wp\/v2\/pages\/2089"}],"collection":[{"href":"https:\/\/www.pedreirashoes.pt\/pt\/wp-json\/wp\/v2\/pages"}],"about":[{"href":"https:\/\/www.pedreirashoes.pt\/pt\/wp-json\/wp\/v2\/types\/page"}],"author":[{"embeddable":true,"href":"https:\/\/www.pedreirashoes.pt\/pt\/wp-json\/wp\/v2\/users\/1"}],"replies":[{"embeddable":true,"href":"https:\/\/www.pedreirashoes.pt\/pt\/wp-json\/wp\/v2\/comments?post=2089"}],"version-history":[{"count":18,"href":"https:\/\/www.pedreirashoes.pt\/pt\/wp-json\/wp\/v2\/pages\/2089\/revisions"}],"predecessor-version":[{"id":2593,"href":"https:\/\/www.pedreirashoes.pt\/pt\/wp-json\/wp\/v2\/pages\/2089\/revisions\/2593"}],"wp:attachment":[{"href":"https:\/\/www.pedreirashoes.pt\/pt\/wp-json\/wp\/v2\/media?parent=2089"}],"curies":[{"name":"wp","href":"https:\/\/api.w.org\/{rel}","templated":true}]}}